{"id":55,"date":"2021-07-22T12:17:35","date_gmt":"2021-07-22T18:17:35","guid":{"rendered":"https:\/\/soporte.fiacon.mx\/?page_id=55"},"modified":"2021-07-28T09:41:02","modified_gmt":"2021-07-28T15:41:02","slug":"aviso-de-privacidad","status":"publish","type":"page","link":"https:\/\/soporte.fiacon.mx\/?page_id=55","title":{"rendered":"Aviso de privacidad"},"content":{"rendered":"<p>[et_pb_section fb_built=&#8221;1&#8243; _builder_version=&#8221;4.9.4&#8243; _module_preset=&#8221;default&#8221;][et_pb_row _builder_version=&#8221;4.9.4&#8243; _module_preset=&#8221;default&#8221;][et_pb_column _builder_version=&#8221;4.9.4&#8243; _module_preset=&#8221;default&#8221; type=&#8221;4_4&#8243;][et_pb_text _builder_version=&#8221;4.9.4&#8243; _module_preset=&#8221;default&#8221; hover_enabled=&#8221;0&#8243; sticky_enabled=&#8221;0&#8243;]<\/p>\n<div class=\"et_pb_module et_pb_text et_pb_text_0  et_pb_text_align_left et_pb_bg_layout_light\">\n<div class=\"et_pb_text_inner\">\n<h1 style=\"text-align: center;\"><span style=\"color: #000000;\">Aviso de privacidad<\/span><\/h1>\n<\/div>\n<\/div>\n<div class=\"et_pb_module et_pb_text et_pb_text_1  et_pb_text_align_left et_pb_bg_layout_light\">\n<div class=\"et_pb_text_inner\">\n<p><span style=\"color: #000000;\">HUGO CESAR HERRERA BAHENA, mejor conocido como Fiacon, con domicilio en calle Tlaxcala #1000 int 301,\u00a0colonia Los Angeles, ciudad Uruapan, municipio o delegaci\u00f3n Uruapan, c.p. 60160, en la entidad de Michoac\u00e1n, pa\u00eds\u00a0M\u00e9xico, y portal de internet cesar.herrera@fiacon.mx, es el responsable del uso y protecci\u00f3n de sus datos personales,\u00a0y al respecto le informamos lo siguiente:<\/span><\/p>\n<p><span style=\"color: #000000;\"><strong>\u00bfPara qu\u00e9 fines utilizaremos sus datos personales?<\/strong><\/span><br \/><span style=\"color: #000000;\">Los datos personales que recabamos de usted, los utilizaremos para las siguientes finalidades que son necesarias<\/span><br \/><span style=\"color: #000000;\">para el servicio que solicita:<\/span><\/p>\n<p><span style=\"color: #000000;\">\u25cf Almancenamiento en bases de datos<\/span><br \/><span style=\"color: #000000;\">\u25cf Procesamiento de informaci\u00f3n a trav\u00e9s de internet<\/span><\/p>\n<p><span style=\"color: #000000;\"><strong>\u00bfQu\u00e9 datos personales utilizaremos para estos fines?<\/strong><\/span><br \/><span style=\"color: #000000;\">Para llevar a cabo las finalidades descritas en el presente aviso de privacidad, utilizaremos los siguientes datos<\/span><br \/><span style=\"color: #000000;\">personales:<\/span><\/p>\n<p><span style=\"color: #000000;\">\u25cf Nombre<\/span><br \/><span style=\"color: #000000;\">\u25cf Registro Federal de Contribuyentes(RFC)<\/span><br \/><span style=\"color: #000000;\">\u25cf Tel\u00e9fono celular<\/span><br \/><span style=\"color: #000000;\">\u25cf Correo electr\u00f3nico<\/span><br \/><span style=\"color: #000000;\">\u25cf Tel\u00e9fono institucional<\/span><\/p>\n<p><span style=\"color: #000000;\"><strong>\u00bfC\u00f3mo puede acceder, rectificar o cancelar sus datos personales, u oponerse a su uso?<\/strong><\/span><br \/><span style=\"color: #000000;\">Usted tiene derecho a conocer qu\u00e9 datos personales tenemos de usted, para qu\u00e9 los utilizamos y las condiciones del\u00a0uso que les damos (Acceso). Asimismo, es su derecho solicitar la correcci\u00f3n de su informaci\u00f3n personal en caso de\u00a0que est\u00e9 desactualizada, sea inexacta o incompleta (Rectificaci\u00f3n); que la eliminemos de nuestros registros o bases\u00a0de datos cuando considere que la misma no est\u00e1 siendo utilizada adecuadamente (Cancelaci\u00f3n); as\u00ed como oponerse\u00a0al uso de sus datos personales para fines espec\u00edficos (Oposici\u00f3n). Estos derechos se conocen como derechos\u00a0ARCO.<\/span><\/p>\n<p><span style=\"color: #000000;\">Para el ejercicio de cualquiera de los derechos ARCO, usted deber\u00e1 presentar la solicitud respectiva a trav\u00e9s del\u00a0siguiente medio:<\/span><\/p>\n<p><span style=\"color: #000000;\">Contacto mediante correo electr\u00f3nico<\/span><\/p>\n<p><span style=\"color: #000000;\">Con relaci\u00f3n al procedimiento y requisitos para el ejercicio de sus derechos ARCO, le informamos lo siguiente:<\/span><\/p>\n<p><span style=\"color: #000000;\">a) \u00bfA trav\u00e9s de qu\u00e9 medios pueden acreditar su identidad el titular y, en su caso, su representante, as\u00ed como la\u00a0personalidad este \u00faltimo?<\/span><br \/><span style=\"color: #000000;\">INE<\/span><\/p>\n<p><span style=\"color: #000000;\">b) \u00bfQu\u00e9 informaci\u00f3n y\/o documentaci\u00f3n deber\u00e1 contener la solicitud?<\/span><br \/><span style=\"color: #000000;\">Email, Nombre, INE<\/span><\/p>\n<p><span style=\"color: #000000;\">c) \u00bfEn cu\u00e1ntos d\u00edas le daremos respuesta a su solicitud?<\/span><br \/><span style=\"color: #000000;\">3<\/span><\/p>\n<p><span style=\"color: #000000;\">d) \u00bfPor qu\u00e9 medio le comunicaremos la respuesta a su solicitud?<\/span><br \/><span style=\"color: #000000;\">Email<\/span><\/p>\n<p><span style=\"color: #000000;\">e) \u00bfEn qu\u00e9 medios se pueden reproducir los datos personales que, en su caso, solicite?<\/span><br \/><span style=\"color: #000000;\">Documento digital<\/span><\/p>\n<p><span style=\"color: #000000;\">f) Ponemos a sus \u00f3rdenes los siguientes formularios o sistemas para facilitar el ejercicio de derechos ARCO:<\/span><br \/><span style=\"color: #000000;\"><a href=\"http:\/\/www.fiacon.mx\/\" style=\"color: #000000;\">www.fiacon.mx<\/a><\/span><\/p>\n<p><span style=\"color: #000000;\">g) Para mayor informaci\u00f3n sobre el procedimiento, ponemos a disposici\u00f3n los siguientes medios:<\/span><br \/><span style=\"color: #000000;\"><a href=\"mailto:cesar.herrera@fiacon.mx\" style=\"color: #000000;\">cesar.herrera@fiacon.mx<\/a><\/span><\/p>\n<p><span style=\"color: #000000;\">Los datos de contacto de la persona o departamento de datos personales, que est\u00e1 a cargo de dar tr\u00e1mite a las\u00a0solicitudes de derechos ARCO, son los siguientes:<\/span><\/p>\n<p><span style=\"color: #000000;\">a) Nombre de la persona o departamento de datos personales: Cristian Reyes<\/span><br \/><span style=\"color: #000000;\">b) Domicilio: calle Tlaxcala #1000 int. 301, colonia Los Angeles, ciudad Uruapan, municipio o delegaci\u00f3n Uruapan,\u00a0c.p. 60160, en la entidad de Michoac\u00e1n, pa\u00eds Mexico<\/span><br \/><span style=\"color: #000000;\">c) Correo electr\u00f3nico: cristian.reyes@fiacon.mx<\/span><br \/><span style=\"color: #000000;\">d) N\u00famero telef\u00f3nico: 4525197516<\/span><\/p>\n<p><span style=\"color: #000000;\"><strong>Usted puede revocar su consentimiento para el uso de sus datos personales<\/strong><\/span><br \/><span style=\"color: #000000;\">Usted puede revocar el consentimiento que, en su caso, nos haya otorgado para el tratamiento de sus datos\u00a0personales. Sin embargo, es importante que tenga en cuenta que no en todos los casos podremos atender su\u00a0solicitud o concluir el uso de forma inmediata, ya que es posible que por alguna obligaci\u00f3n legal requiramos seguir\u00a0tratando sus datos personales. Asimismo, usted deber\u00e1 considerar que para ciertos fines, la revocaci\u00f3n de su\u00a0consentimiento implicar\u00e1 que no le podamos seguir prestando el servicio que nos solicit\u00f3, o la conclusi\u00f3n de su\u00a0relaci\u00f3n con nosotros.<\/span><\/p>\n<p><span style=\"color: #000000;\">Para revocar su consentimiento deber\u00e1 presentar su solicitud a trav\u00e9s del siguiente medio:<\/span><\/p>\n<p><span style=\"color: #000000;\">Email:\u00a0<a href=\"mailto:cesar.herrera@fiacon.mx\" style=\"color: #000000;\">cesar.herrera@fiacon.mx<\/a><\/span><\/p>\n<p><span style=\"color: #000000;\">Con relaci\u00f3n al procedimiento y requisitos para la revocaci\u00f3n de su consentimiento, le informamos lo siguiente:<\/span><\/p>\n<p><span style=\"color: #000000;\">a) \u00bfA trav\u00e9s de qu\u00e9 medios pueden acreditar su identidad el titular y, en su caso, su representante, as\u00ed como la\u00a0personalidad este \u00faltimo?<\/span><br \/><span style=\"color: #000000;\">INE<\/span><\/p>\n<p><span style=\"color: #000000;\">b) \u00bfQu\u00e9 informaci\u00f3n y\/o documentaci\u00f3n deber\u00e1 contener la solicitud?<\/span><br \/><span style=\"color: #000000;\">Nomre, INE, Email<\/span><\/p>\n<p><span style=\"color: #000000;\">c) \u00bfEn cu\u00e1ntos d\u00edas le daremos respuesta a su solicitud?<\/span><br \/><span style=\"color: #000000;\">3<\/span><\/p>\n<p><span style=\"color: #000000;\">d) \u00bfPor qu\u00e9 medio le comunicaremos la respuesta a su solicitud?<\/span><br \/><span style=\"color: #000000;\">Email<\/span><\/p>\n<p><span style=\"color: #000000;\">e) Para mayor informaci\u00f3n sobre el procedimiento, ponemos a disposici\u00f3n los siguientes medios:<\/span><br \/><span style=\"color: #000000;\">Email:\u00a0<a href=\"mailto:cesar.herrera@fiacon.mx\" style=\"color: #000000;\">cesar.herrera@fiacon.mx<\/a><\/span><\/p>\n<p><span style=\"color: #000000;\"><strong>\u00bfC\u00f3mo puede limitar el uso o divulgaci\u00f3n de su informaci\u00f3n personal?<\/strong><\/span><br \/><span style=\"color: #000000;\">Con objeto de que usted pueda limitar el uso y divulgaci\u00f3n de su informaci\u00f3n personal, le ofrecemos los siguientes\u00a0medios:<\/span><\/p>\n<p><span style=\"color: #000000;\">Email:\u00a0<a href=\"mailto:cesar.herrera@fiacon.mx\" style=\"color: #000000;\">cesar.herrera@fiacon.mx<\/a><\/span><\/p>\n<p><span style=\"color: #000000;\"><strong>El uso de tecnolog\u00edas de rastreo en nuestro portal de internet<\/strong><\/span><br \/><span style=\"color: #000000;\">Le informamos que en nuestra p\u00e1gina de internet utilizamos cookies, web beacons u otras tecnolog\u00edas, a trav\u00e9s de\u00a0las cuales es posible monitorear su comportamiento como usuario de internet, as\u00ed como brindarle un mejor servicio y\u00a0experiencia al navegar en nuestra p\u00e1gina. Los datos personales que recabamos a trav\u00e9s de estas tecnolog\u00edas, los\u00a0utilizaremos para los siguientes fines:<\/span><\/p>\n<p><span style=\"color: #000000;\">Inicio de sesi\u00f3n m\u00e1s r\u00e1pido<\/span><\/p>\n<p><span style=\"color: #000000;\">Los datos personales que obtenemos de estas tecnolog\u00edas de rastreo son los siguientes:<\/span><\/p>\n<ul>\n<li><span style=\"color: #000000;\">Identificadores, nombre de usuario y contrase\u00f1as de una sesi\u00f3n<\/span><\/li>\n<li><span style=\"color: #000000;\">Tipo de navegador del usuario<\/span><\/li>\n<li><span style=\"color: #000000;\">Tipo de sistema operativo del usuario<br \/><\/span><\/li>\n<\/ul>\n<p><span style=\"color: #000000;\">Para conocer la forma en que se pueden deshabilitar estas tecnolog\u00edas, consulte el siguiente medio:<\/span><\/p>\n<p><span style=\"color: #000000;\">Haciendo click en el bot\u00f3n \\\u201dNo acepto\\\u201d<\/span><\/p>\n<p><span style=\"color: #000000;\"><strong>\u00bfC\u00f3mo puede conocer los cambios en este aviso de privacidad?<\/strong><\/span><br \/><span style=\"color: #000000;\">El presente aviso de privacidad puede sufrir modificaciones, cambios o actualizaciones derivadas de nuevos\u00a0requerimientos legales; de nuestras propias necesidades por los productos o servicios que ofrecemos; de nuestras\u00a0pr\u00e1cticas de privacidad; de cambios en nuestro modelo de negocio, o por otras causas.<\/span><\/p>\n<p><span style=\"color: #000000;\">Nos comprometemos a mantenerlo informado sobre los cambios que pueda sufrir el presente aviso de privacidad, a\u00a0trav\u00e9s de: Avisos a trav\u00e9s de p\u00e1gina Web.<\/span><\/p>\n<p><span style=\"color: #000000;\">El procedimiento a trav\u00e9s del cual se llevar\u00e1n a cabo las notificaciones sobre cambios o actualizaciones al presente\u00a0aviso de privacidad es el siguiente:<\/span><\/p>\n<p><span style=\"color: #000000;\">Avisos a trav\u00e9s de la p\u00e1gina de internet<\/span><\/p>\n<p style=\"text-align: right;\"><span style=\"color: #000000;\">\u00daltima actualizaci\u00f3n: 24\/05\/2021<\/span><\/p>\n<\/div>\n<\/div>\n<p>[\/et_pb_text][\/et_pb_column][\/et_pb_row][\/et_pb_section]<\/p>\n","protected":false},"excerpt":{"rendered":"<p>Aviso de privacidad HUGO CESAR HERRERA BAHENA, mejor conocido como Fiacon, con domicilio en calle Tlaxcala #1000 int 301,\u00a0colonia Los Angeles, ciudad Uruapan, municipio o delegaci\u00f3n Uruapan, c.p. 60160, en la entidad de Michoac\u00e1n, pa\u00eds\u00a0M\u00e9xico, y portal de internet cesar.herrera@fiacon.mx, es el responsable del uso y protecci\u00f3n de sus datos personales,\u00a0y al respecto le informamos [&hellip;]<\/p>\n","protected":false},"author":2,"featured_media":0,"parent":0,"menu_order":0,"comment_status":"closed","ping_status":"closed","template":"","meta":{"_et_pb_use_builder":"on","_et_pb_old_content":"<!-- wp:divi\/placeholder \/-->","_et_gb_content_width":"","footnotes":""},"class_list":["post-55","page","type-page","status-publish","hentry"],"_links":{"self":[{"href":"https:\/\/soporte.fiacon.mx\/index.php?rest_route=\/wp\/v2\/pages\/55","targetHints":{"allow":["GET"]}}],"collection":[{"href":"https:\/\/soporte.fiacon.mx\/index.php?rest_route=\/wp\/v2\/pages"}],"about":[{"href":"https:\/\/soporte.fiacon.mx\/index.php?rest_route=\/wp\/v2\/types\/page"}],"author":[{"embeddable":true,"href":"https:\/\/soporte.fiacon.mx\/index.php?rest_route=\/wp\/v2\/users\/2"}],"replies":[{"embeddable":true,"href":"https:\/\/soporte.fiacon.mx\/index.php?rest_route=%2Fwp%2Fv2%2Fcomments&post=55"}],"version-history":[{"count":3,"href":"https:\/\/soporte.fiacon.mx\/index.php?rest_route=\/wp\/v2\/pages\/55\/revisions"}],"predecessor-version":[{"id":226,"href":"https:\/\/soporte.fiacon.mx\/index.php?rest_route=\/wp\/v2\/pages\/55\/revisions\/226"}],"wp:attachment":[{"href":"https:\/\/soporte.fiacon.mx\/index.php?rest_route=%2Fwp%2Fv2%2Fmedia&parent=55"}],"curies":[{"name":"wp","href":"https:\/\/api.w.org\/{rel}","templated":true}]}}